{"id":378,"date":"2013-04-09T12:34:10","date_gmt":"2013-04-09T09:34:10","guid":{"rendered":"http:\/\/shirinxanim-shadiman.net\/yenilikler\/?page_id=378"},"modified":"2025-03-27T00:02:39","modified_gmt":"2025-03-26T20:02:39","slug":"yeni-kitab","status":"publish","type":"page","link":"https:\/\/shirinxanim-shadiman.net\/yenilikler\/?page_id=378","title":{"rendered":"K\u0130TABLAR B\u00d6LM\u018fS\u0130"},"content":{"rendered":"<p><a href=\"https:\/\/shirinxanim-shadiman.net\/yenilikler\/wp-content\/uploads\/SHIRIN-XANIM-secmeler-6-.png\"><img loading=\"lazy\" decoding=\"async\" class=\"alignnone size-medium wp-image-3584\" src=\"https:\/\/shirinxanim-shadiman.net\/yenilikler\/wp-content\/uploads\/SHIRIN-XANIM-secmeler-6--213x300.png\" alt=\"\" width=\"213\" height=\"300\" srcset=\"https:\/\/shirinxanim-shadiman.net\/yenilikler\/wp-content\/uploads\/SHIRIN-XANIM-secmeler-6--213x300.png 213w, https:\/\/shirinxanim-shadiman.net\/yenilikler\/wp-content\/uploads\/SHIRIN-XANIM-secmeler-6--727x1024.png 727w, https:\/\/shirinxanim-shadiman.net\/yenilikler\/wp-content\/uploads\/SHIRIN-XANIM-secmeler-6--768x1081.png 768w, https:\/\/shirinxanim-shadiman.net\/yenilikler\/wp-content\/uploads\/SHIRIN-XANIM-secmeler-6--1091x1536.png 1091w, https:\/\/shirinxanim-shadiman.net\/yenilikler\/wp-content\/uploads\/SHIRIN-XANIM-secmeler-6-.png 1449w\" sizes=\"auto, (max-width: 213px) 100vw, 213px\" \/><\/a><\/p>\n<p><a href=\"https:\/\/shirinxanim-shadiman.net\/yenilikler\/wp-content\/uploads\/SHIRIN-xanim-Sechmeler-6-ci-ktab.pdf\">SE\u00c7M\u018fL\u018fR VI CILD-Y\u00fckl\u0259\u00a0<\/a><\/p>\n<p><a href=\"https:\/\/shirinxanim-shadiman.net\/yenilikler\/wp-content\/uploads\/Shirin-xanim-qapaq-2.png\"><img loading=\"lazy\" decoding=\"async\" class=\"alignnone size-medium wp-image-3489\" src=\"https:\/\/shirinxanim-shadiman.net\/yenilikler\/wp-content\/uploads\/Shirin-xanim-qapaq-2-218x300.png\" alt=\"\" width=\"218\" height=\"300\" srcset=\"https:\/\/shirinxanim-shadiman.net\/yenilikler\/wp-content\/uploads\/Shirin-xanim-qapaq-2-218x300.png 218w, https:\/\/shirinxanim-shadiman.net\/yenilikler\/wp-content\/uploads\/Shirin-xanim-qapaq-2-743x1024.png 743w, https:\/\/shirinxanim-shadiman.net\/yenilikler\/wp-content\/uploads\/Shirin-xanim-qapaq-2-768x1059.png 768w, https:\/\/shirinxanim-shadiman.net\/yenilikler\/wp-content\/uploads\/Shirin-xanim-qapaq-2-1114x1536.png 1114w, https:\/\/shirinxanim-shadiman.net\/yenilikler\/wp-content\/uploads\/Shirin-xanim-qapaq-2-1486x2048.png 1486w, https:\/\/shirinxanim-shadiman.net\/yenilikler\/wp-content\/uploads\/Shirin-xanim-qapaq-2.png 1808w\" sizes=\"auto, (max-width: 218px) 100vw, 218px\" \/><\/a><\/p>\n<p>&nbsp;<\/p>\n<p>&nbsp;<\/p>\n<p><a href=\"https:\/\/shirinxanim-shadiman.net\/yenilikler\/wp-content\/uploads\/V\u018fT\u018fN-S\u018fND\u018fN-N\u018f-QALDI.pdf\">V\u018fT\u018fN S\u018fND\u018fN N\u018f QALDI-Y\u00fckl<\/a><a href=\"https:\/\/shirinxanim-shadiman.net\/yenilikler\/wp-content\/uploads\/V\u018fT\u018fN-S\u018fND\u018fN-N\u018f-QALDI.pdf\">\u0259<\/a><\/p>\n<p><a href=\"https:\/\/shirinxanim-shadiman.net\/yenilikler\/wp-content\/uploads\/159564546_433285937963246_2127356982082895142_n.png\"><img loading=\"lazy\" decoding=\"async\" class=\"alignnone size-medium wp-image-3067\" src=\"https:\/\/shirinxanim-shadiman.net\/yenilikler\/wp-content\/uploads\/159564546_433285937963246_2127356982082895142_n-211x300.png\" alt=\"\" width=\"211\" height=\"300\" srcset=\"https:\/\/shirinxanim-shadiman.net\/yenilikler\/wp-content\/uploads\/159564546_433285937963246_2127356982082895142_n-211x300.png 211w, https:\/\/shirinxanim-shadiman.net\/yenilikler\/wp-content\/uploads\/159564546_433285937963246_2127356982082895142_n.png 600w\" sizes=\"auto, (max-width: 211px) 100vw, 211px\" \/><\/a><\/p>\n<p><a href=\"https:\/\/shirinxanim-shadiman.net\/yenilikler\/wp-content\/uploads\/Omur-Yuku.pdf\"><strong>\u00d6M\u00dcR Y\u00dcK\u00dc &#8211; Y\u00fckl\u0259<\/strong><\/a><\/p>\n<p><a href=\"https:\/\/shirinxanim-shadiman.net\/yenilikler\/wp-content\/uploads\/27847931_994426584028633_281098708_n.png\"><img loading=\"lazy\" decoding=\"async\" class=\"alignnone size-medium wp-image-1945\" src=\"https:\/\/shirinxanim-shadiman.net\/yenilikler\/wp-content\/uploads\/27847931_994426584028633_281098708_n-210x300.png\" alt=\"\" width=\"210\" height=\"300\" srcset=\"https:\/\/shirinxanim-shadiman.net\/yenilikler\/wp-content\/uploads\/27847931_994426584028633_281098708_n-210x300.png 210w, https:\/\/shirinxanim-shadiman.net\/yenilikler\/wp-content\/uploads\/27847931_994426584028633_281098708_n.png 673w\" sizes=\"auto, (max-width: 210px) 100vw, 210px\" \/><\/a><\/p>\n<p><a href=\"https:\/\/shirinxanim-shadiman.net\/yenilikler\/wp-content\/uploads\/Yol-Gedirik.pdf\"><strong>YOL GED\u0130R\u0130K &#8211; Y\u00fckl\u0259<\/strong><\/a><\/p>\n<p><a href=\"https:\/\/shirinxanim-shadiman.net\/yenilikler\/wp-content\/uploads\/18280748_848818931922733_2116192799_n.png\"><img loading=\"lazy\" decoding=\"async\" class=\"alignnone size-medium wp-image-1307\" src=\"https:\/\/shirinxanim-shadiman.net\/yenilikler\/wp-content\/uploads\/18280748_848818931922733_2116192799_n.png\" alt=\"14081085_714028992068395_1370842135_n\" width=\"215\" height=\"300\" \/><\/a><\/p>\n<p><strong><a href=\"https:\/\/shirinxanim-shadiman.net\/yenilikler\/wp-content\/uploads\/SHIRIN-xanim-Sechmeler-5-ci-ktab.pdf\">SE\u00c7M\u018fL\u018fR V CILD &#8211; Y\u00fckl\u0259<\/a><\/strong><\/p>\n<p><a href=\"https:\/\/shirinxanim-shadiman.net\/yenilikler\/wp-content\/uploads\/14081085_714028992068395_1370842135_n.jpg\"><img loading=\"lazy\" decoding=\"async\" class=\"alignnone size-medium wp-image-1307\" src=\"https:\/\/shirinxanim-shadiman.net\/yenilikler\/wp-content\/uploads\/14081085_714028992068395_1370842135_n-215x300.jpg\" alt=\"14081085_714028992068395_1370842135_n\" width=\"215\" height=\"300\" srcset=\"https:\/\/shirinxanim-shadiman.net\/yenilikler\/wp-content\/uploads\/14081085_714028992068395_1370842135_n-215x300.jpg 215w, https:\/\/shirinxanim-shadiman.net\/yenilikler\/wp-content\/uploads\/14081085_714028992068395_1370842135_n.jpg 300w\" sizes=\"auto, (max-width: 215px) 100vw, 215px\" \/><\/a><\/p>\n<p><strong><a href=\"https:\/\/shirinxanim-shadiman.net\/yenilikler\/wp-content\/uploads\/shadiman-publisistika.pdf\" target=\"_blank\" rel=\"noopener noreferrer\">S\u00d6Z K\u00d6NL\u00dcM\u00dc Q\u018fL\u018fM ETD\u0130-Y\u00fckl\u0259<\/a><\/strong><\/p>\n<p><a href=\"https:\/\/shirinxanim-shadiman.net\/yenilikler\/wp-content\/uploads\/Shirin-xanim-Book-21.png\"><img loading=\"lazy\" decoding=\"async\" class=\"alignnone size-medium wp-image-588\" title=\"Shirin xanim Book 2\" src=\"https:\/\/shirinxanim-shadiman.net\/yenilikler\/wp-content\/uploads\/Shirin-xanim-Book-21-220x300.png\" alt=\"\" width=\"220\" height=\"300\" srcset=\"https:\/\/shirinxanim-shadiman.net\/yenilikler\/wp-content\/uploads\/Shirin-xanim-Book-21-220x300.png 220w, https:\/\/shirinxanim-shadiman.net\/yenilikler\/wp-content\/uploads\/Shirin-xanim-Book-21.png 325w\" sizes=\"auto, (max-width: 220px) 100vw, 220px\" \/><\/a><\/p>\n<p><strong><a href=\"https:\/\/shirinxanim-shadiman.net\/yenilikler\/wp-content\/uploads\/Shirin-Xanim-2.pdf\">&#8220;\u00d6T\u018fNL\u018fRD\u018fN G\u018fL\u018fN S\u018fSL\u018fR 2&#8221; &#8211; Y\u00fckl\u0259<\/a><\/strong><\/p>\n<p><a href=\"https:\/\/shirinxanim-shadiman.net\/yenilikler\/wp-content\/uploads\/SIRIN_XANIM11.jpg\"><img loading=\"lazy\" decoding=\"async\" class=\"alignnone size-medium wp-image-454\" title=\"SIRIN_XANIM[1]\" src=\"https:\/\/shirinxanim-shadiman.net\/yenilikler\/wp-content\/uploads\/SIRIN_XANIM11-221x300.jpg\" alt=\"\" width=\"208\" height=\"300\" \/><\/a><\/p>\n<p><strong><a href=\"https:\/\/shirinxanim-shadiman.net\/yenilikler\/wp-content\/uploads\/Shirin_Xanim1.pdf\">&#8220;\u00d6T\u018fNL\u018fRD\u018fN G\u018fL\u018fN S\u018fSL\u018fR&#8221; &#8211; Y\u00fckl\u0259<\/a><\/strong><\/p>\n<p><a href=\"https:\/\/shirinxanim-shadiman.net\/yenilikler\/wp-content\/uploads\/SECMELER.jpg\"><img loading=\"lazy\" decoding=\"async\" class=\"alignnone size-medium wp-image-381\" title=\"SECMELER\" src=\"https:\/\/shirinxanim-shadiman.net\/yenilikler\/wp-content\/uploads\/SECMELER-208x300.jpg\" alt=\"\" width=\"208\" height=\"300\" srcset=\"https:\/\/shirinxanim-shadiman.net\/yenilikler\/wp-content\/uploads\/SECMELER-208x300.jpg 208w, https:\/\/shirinxanim-shadiman.net\/yenilikler\/wp-content\/uploads\/SECMELER-710x1024.jpg 710w, https:\/\/shirinxanim-shadiman.net\/yenilikler\/wp-content\/uploads\/SECMELER.jpg 1367w\" sizes=\"auto, (max-width: 208px) 100vw, 208px\" \/><\/a><\/p>\n<p><strong><a href=\"https:\/\/shirinxanim-shadiman.net\/yenilikler\/wp-content\/uploads\/SHIRIN-xanim-2-ci-kitab.pdf\">SE\u00c7M\u018fL\u018fR II CILD &#8211; Y\u00fckl\u0259<\/a><\/strong><\/p>\n<p><a href=\"https:\/\/shirinxanim-shadiman.net\/yenilikler\/wp-content\/uploads\/11198862_536791049792191_1624414440_n.jpg\"><img loading=\"lazy\" decoding=\"async\" class=\"alignnone size-medium wp-image-734\" title=\"11198862_536791049792191_1624414440_n\" src=\"https:\/\/shirinxanim-shadiman.net\/yenilikler\/wp-content\/uploads\/11198862_536791049792191_1624414440_n-222x300.jpg\" alt=\"\" width=\"222\" height=\"300\" srcset=\"https:\/\/shirinxanim-shadiman.net\/yenilikler\/wp-content\/uploads\/11198862_536791049792191_1624414440_n-222x300.jpg 222w, https:\/\/shirinxanim-shadiman.net\/yenilikler\/wp-content\/uploads\/11198862_536791049792191_1624414440_n.jpg 712w\" sizes=\"auto, (max-width: 222px) 100vw, 222px\" \/><\/a><\/p>\n<p><strong><a href=\"https:\/\/shirinxanim-shadiman.net\/yenilikler\/wp-content\/uploads\/SHIRIN-xanim-Sechmeler-3-cu-ktab.pdf\">SE\u00c7M\u018fL\u018fR III CILD &#8211; Y\u00fckl\u0259<\/a><\/strong><\/p>\n<p><a href=\"https:\/\/shirinxanim-shadiman.net\/yenilikler\/wp-content\/uploads\/11245366_536791203125509_1361288344_n.jpg\"><img loading=\"lazy\" decoding=\"async\" class=\"alignnone size-medium wp-image-735\" title=\"5\" src=\"https:\/\/shirinxanim-shadiman.net\/yenilikler\/wp-content\/uploads\/11245366_536791203125509_1361288344_n-221x300.jpg\" alt=\"\" width=\"221\" height=\"300\" srcset=\"https:\/\/shirinxanim-shadiman.net\/yenilikler\/wp-content\/uploads\/11245366_536791203125509_1361288344_n-221x300.jpg 221w, https:\/\/shirinxanim-shadiman.net\/yenilikler\/wp-content\/uploads\/11245366_536791203125509_1361288344_n.jpg 709w\" sizes=\"auto, (max-width: 221px) 100vw, 221px\" \/><\/a><\/p>\n<p><strong><a href=\"https:\/\/shirinxanim-shadiman.net\/yenilikler\/wp-content\/uploads\/SHIRIN-xanim-Sechmeler-4-cu-ktab.pdf\">SE\u00c7M\u018fL\u018fR IV CILD &#8211; Y\u00fckl\u0259<\/a><\/strong><\/p>\n<p><a href=\"https:\/\/shirinxanim-shadiman.net\/yenilikler\/wp-content\/uploads\/16923562_808948605909766_1669714521_n.png\"><img loading=\"lazy\" decoding=\"async\" class=\"alignnone size-medium wp-image-735\" title=\"5\" src=\"https:\/\/shirinxanim-shadiman.net\/yenilikler\/wp-content\/uploads\/16923562_808948605909766_1669714521_n.png\" alt=\"\" width=\"221\" height=\"300\" \/><\/a><\/p>\n<p><strong><a href=\"https:\/\/shirinxanim-shadiman.net\/yenilikler\/wp-content\/uploads\/Tek_yaradana_gumanim.pdf\" target=\"_blank\" rel=\"noopener noreferrer\">T\u018fK YARADANA G\u00dcMANIM-Y\u00dcKL\u018f<\/a><\/strong><\/p>\n<p><a href=\"https:\/\/shirinxanim-shadiman.net\/yenilikler\/wp-content\/uploads\/AY-ADAMLAR.jpg\"><img loading=\"lazy\" decoding=\"async\" class=\"alignnone size-medium wp-image-3136\" src=\"https:\/\/shirinxanim-shadiman.net\/yenilikler\/wp-content\/uploads\/AY-ADAMLAR-206x300.jpg\" alt=\"\" width=\"206\" height=\"300\" srcset=\"https:\/\/shirinxanim-shadiman.net\/yenilikler\/wp-content\/uploads\/AY-ADAMLAR-206x300.jpg 206w, https:\/\/shirinxanim-shadiman.net\/yenilikler\/wp-content\/uploads\/AY-ADAMLAR.jpg 307w\" sizes=\"auto, (max-width: 206px) 100vw, 206px\" \/><\/a><\/p>\n<p><a href=\"https:\/\/shirinxanim-shadiman.net\/yenilikler\/wp-content\/uploads\/Ay-adamlar-m\u0259n-burdayam.pdf\">AY ADAMLAR M\u018fN BURDAYAM-Y\u00dcKL\u018f<\/a><\/p>\n<p><a href=\"https:\/\/shirinxanim-shadiman.net\/yenilikler\/wp-content\/uploads\/kitab-2010-1.jpg\"><img loading=\"lazy\" decoding=\"async\" class=\"alignnone size-medium wp-image-3134\" src=\"https:\/\/shirinxanim-shadiman.net\/yenilikler\/wp-content\/uploads\/kitab-2010-1-214x300.jpg\" alt=\"\" width=\"214\" height=\"300\" srcset=\"https:\/\/shirinxanim-shadiman.net\/yenilikler\/wp-content\/uploads\/kitab-2010-1-214x300.jpg 214w, https:\/\/shirinxanim-shadiman.net\/yenilikler\/wp-content\/uploads\/kitab-2010-1.jpg 320w\" sizes=\"auto, (max-width: 214px) 100vw, 214px\" \/><\/a><\/p>\n<p><a href=\"https:\/\/shirinxanim-shadiman.net\/yenilikler\/wp-content\/uploads\/Tagayim-1.pdf\">TA\u011eAYIM-Y\u00dcKL\u018f<\/a><\/p>\n<p><a href=\"https:\/\/shirinxanim-shadiman.net\/yenilikler\/wp-content\/uploads\/kitab-2009-1.jpg\"><img loading=\"lazy\" decoding=\"async\" class=\"alignnone size-medium wp-image-3154\" src=\"https:\/\/shirinxanim-shadiman.net\/yenilikler\/wp-content\/uploads\/kitab-2009-1-206x300.jpg\" alt=\"\" width=\"206\" height=\"300\" srcset=\"https:\/\/shirinxanim-shadiman.net\/yenilikler\/wp-content\/uploads\/kitab-2009-1-206x300.jpg 206w, https:\/\/shirinxanim-shadiman.net\/yenilikler\/wp-content\/uploads\/kitab-2009-1.jpg 299w\" sizes=\"auto, (max-width: 206px) 100vw, 206px\" \/><\/a><\/p>\n<p><a href=\"https:\/\/shirinxanim-shadiman.net\/yenilikler\/wp-content\/uploads\/DUNYA-MENE-TANIS-GELIR.pdf\">D\u00dcNYA M\u018fN\u018f TANI\u015e G\u018fL\u0130R-Y\u00dcKL\u018f<\/a><\/p>\n<p><a href=\"https:\/\/shirinxanim-shadiman.net\/yenilikler\/wp-content\/uploads\/kitab-2008-1.jpg\"><img loading=\"lazy\" decoding=\"async\" class=\"alignnone size-medium wp-image-3157\" src=\"https:\/\/shirinxanim-shadiman.net\/yenilikler\/wp-content\/uploads\/kitab-2008-1-210x300.jpg\" alt=\"\" width=\"210\" height=\"300\" srcset=\"https:\/\/shirinxanim-shadiman.net\/yenilikler\/wp-content\/uploads\/kitab-2008-1-210x300.jpg 210w, https:\/\/shirinxanim-shadiman.net\/yenilikler\/wp-content\/uploads\/kitab-2008-1.jpg 313w\" sizes=\"auto, (max-width: 210px) 100vw, 210px\" \/><\/a><\/p>\n<p><a href=\"https:\/\/shirinxanim-shadiman.net\/yenilikler\/wp-content\/uploads\/SECMELER-1.pdf\">SE\u00c7M\u018fL\u018fR-I Y\u00dcKL\u018f<\/a><\/p>\n<p><a href=\"https:\/\/shirinxanim-shadiman.net\/yenilikler\/wp-content\/uploads\/kitab-2007.jpg\"><img loading=\"lazy\" decoding=\"async\" class=\"alignnone size-medium wp-image-3160\" src=\"https:\/\/shirinxanim-shadiman.net\/yenilikler\/wp-content\/uploads\/kitab-2007-203x300.jpg\" alt=\"\" width=\"203\" height=\"300\" srcset=\"https:\/\/shirinxanim-shadiman.net\/yenilikler\/wp-content\/uploads\/kitab-2007-203x300.jpg 203w, https:\/\/shirinxanim-shadiman.net\/yenilikler\/wp-content\/uploads\/kitab-2007.jpg 303w\" sizes=\"auto, (max-width: 203px) 100vw, 203px\" \/><\/a><\/p>\n<p><a href=\"https:\/\/shirinxanim-shadiman.net\/yenilikler\/wp-content\/uploads\/\u0428\u0418\u0420\u0418\u041d-\u0425\u0410\u041d\u042b\u041c.pdf\">A\u011eILA B\u018fH\u018fR D\u00dcNYA-Y\u00dcKL\u018f<\/a><\/p>\n<p><a href=\"https:\/\/shirinxanim-shadiman.net\/yenilikler\/wp-content\/uploads\/kitab-2002.jpg\"><img loading=\"lazy\" decoding=\"async\" class=\"alignnone size-medium wp-image-3165\" src=\"https:\/\/shirinxanim-shadiman.net\/yenilikler\/wp-content\/uploads\/kitab-2002-199x300.jpg\" alt=\"\" width=\"199\" height=\"300\" srcset=\"https:\/\/shirinxanim-shadiman.net\/yenilikler\/wp-content\/uploads\/kitab-2002-199x300.jpg 199w, https:\/\/shirinxanim-shadiman.net\/yenilikler\/wp-content\/uploads\/kitab-2002.jpg 288w\" sizes=\"auto, (max-width: 199px) 100vw, 199px\" \/><\/a><\/p>\n<p><a href=\"https:\/\/shirinxanim-shadiman.net\/yenilikler\/wp-content\/uploads\/Kimin\u0259-aci-dunya.pdf\">K\u0130M\u0130N\u018f ACI D\u00dcNYA-Y\u00dcKL\u018f<\/a><\/p>\n<p><a href=\"https:\/\/shirinxanim-shadiman.net\/yenilikler\/wp-content\/uploads\/kitab-1999.jpg\"><img loading=\"lazy\" decoding=\"async\" class=\"alignnone size-medium wp-image-3168\" src=\"https:\/\/shirinxanim-shadiman.net\/yenilikler\/wp-content\/uploads\/kitab-1999-211x300.jpg\" alt=\"\" width=\"211\" height=\"300\" srcset=\"https:\/\/shirinxanim-shadiman.net\/yenilikler\/wp-content\/uploads\/kitab-1999-211x300.jpg 211w, https:\/\/shirinxanim-shadiman.net\/yenilikler\/wp-content\/uploads\/kitab-1999.jpg 312w\" sizes=\"auto, (max-width: 211px) 100vw, 211px\" \/><\/a><\/p>\n<p><a href=\"https:\/\/shirinxanim-shadiman.net\/yenilikler\/wp-content\/uploads\/Chekene-qem-dunya-1.pdf\">\u00c7\u018fK\u018fN\u018f Q\u018fM D\u00dcNYA-Y\u00dcKL\u018f<\/a><\/p>\n<p><a href=\"https:\/\/shirinxanim-shadiman.net\/yenilikler\/wp-content\/uploads\/kitab-1991.jpg\"><img loading=\"lazy\" decoding=\"async\" class=\"alignnone size-medium wp-image-3116\" src=\"https:\/\/shirinxanim-shadiman.net\/yenilikler\/wp-content\/uploads\/kitab-1991-201x300.jpg\" alt=\"\" width=\"201\" height=\"300\" srcset=\"https:\/\/shirinxanim-shadiman.net\/yenilikler\/wp-content\/uploads\/kitab-1991-201x300.jpg 201w, https:\/\/shirinxanim-shadiman.net\/yenilikler\/wp-content\/uploads\/kitab-1991.jpg 298w\" sizes=\"auto, (max-width: 201px) 100vw, 201px\" \/><\/a><\/p>\n<p><a href=\"https:\/\/shirinxanim-shadiman.net\/yenilikler\/wp-content\/uploads\/Urek_niye_agriyirsan-1.pdf\">\u00dcR\u018fK N\u0130Y\u018f A\u011eRIYIRSAN-Y\u00dcKL\u018f<\/a><\/p>\n","protected":false},"excerpt":{"rendered":"<p>SE\u00c7M\u018fL\u018fR VI CILD-Y\u00fckl\u0259\u00a0 &nbsp; &nbsp; V\u018fT\u018fN S\u018fND\u018fN N\u018f QALDI-Y\u00fckl\u0259 \u00d6M\u00dcR Y\u00dcK\u00dc &#8211; Y\u00fckl\u0259 YOL GED\u0130R\u0130K &#8211; Y\u00fckl\u0259 SE\u00c7M\u018fL\u018fR V CILD &#8211; Y\u00fckl\u0259&hellip;<\/p>\n","protected":false},"author":1,"featured_media":0,"parent":0,"menu_order":0,"comment_status":"open","ping_status":"open","template":"","meta":{"footnotes":""},"class_list":["post-378","page","type-page","status-publish","hentry"],"_links":{"self":[{"href":"https:\/\/shirinxanim-shadiman.net\/yenilikler\/index.php?rest_route=\/wp\/v2\/pages\/378","targetHints":{"allow":["GET"]}}],"collection":[{"href":"https:\/\/shirinxanim-shadiman.net\/yenilikler\/index.php?rest_route=\/wp\/v2\/pages"}],"about":[{"href":"https:\/\/shirinxanim-shadiman.net\/yenilikler\/index.php?rest_route=\/wp\/v2\/types\/page"}],"author":[{"embeddable":true,"href":"https:\/\/shirinxanim-shadiman.net\/yenilikler\/index.php?rest_route=\/wp\/v2\/users\/1"}],"replies":[{"embeddable":true,"href":"https:\/\/shirinxanim-shadiman.net\/yenilikler\/index.php?rest_route=%2Fwp%2Fv2%2Fcomments&post=378"}],"version-history":[{"count":62,"href":"https:\/\/shirinxanim-shadiman.net\/yenilikler\/index.php?rest_route=\/wp\/v2\/pages\/378\/revisions"}],"predecessor-version":[{"id":3488,"href":"https:\/\/shirinxanim-shadiman.net\/yenilikler\/index.php?rest_route=\/wp\/v2\/pages\/378\/revisions\/3488"}],"wp:attachment":[{"href":"https:\/\/shirinxanim-shadiman.net\/yenilikler\/index.php?rest_route=%2Fwp%2Fv2%2Fmedia&parent=378"}],"curies":[{"name":"wp","href":"https:\/\/api.w.org\/{rel}","templated":true}]}}