{"id":3180,"date":"2021-03-27T16:20:55","date_gmt":"2021-03-27T20:20:55","guid":{"rendered":"http:\/\/shirinxanim-shadiman.net\/yenilikler\/?page_id=3180"},"modified":"2021-10-03T14:28:10","modified_gmt":"2021-10-03T18:28:10","slug":"yeni-kitab-2","status":"publish","type":"page","link":"https:\/\/shirinxanim-shadiman.net\/yenilikler\/?page_id=3180","title":{"rendered":"YEN\u0130 K\u0130TAB"},"content":{"rendered":"<p><a href=\"https:\/\/shirinxanim-shadiman.net\/yenilikler\/wp-content\/uploads\/Shirin-xanim-Omur-Yuku.png\"><img loading=\"lazy\" decoding=\"async\" class=\"alignnone size-medium wp-image-3063\" src=\"https:\/\/shirinxanim-shadiman.net\/yenilikler\/wp-content\/uploads\/Shirin-xanim-Omur-Yuku-300x188.png\" alt=\"\" width=\"300\" height=\"188\" srcset=\"https:\/\/shirinxanim-shadiman.net\/yenilikler\/wp-content\/uploads\/Shirin-xanim-Omur-Yuku-300x188.png 300w, https:\/\/shirinxanim-shadiman.net\/yenilikler\/wp-content\/uploads\/Shirin-xanim-Omur-Yuku-768x480.png 768w, https:\/\/shirinxanim-shadiman.net\/yenilikler\/wp-content\/uploads\/Shirin-xanim-Omur-Yuku-1024x641.png 1024w, https:\/\/shirinxanim-shadiman.net\/yenilikler\/wp-content\/uploads\/Shirin-xanim-Omur-Yuku.png 1971w\" sizes=\"auto, (max-width: 300px) 100vw, 300px\" \/><\/a><\/p>\n<p><a href=\"https:\/\/shirinxanim-shadiman.net\/yenilikler\/wp-content\/uploads\/Omur-Yuku.pdf\">\u00d6M\u00dcR Y\u00dcK\u00dc<\/a><\/p>\n","protected":false},"excerpt":{"rendered":"<p>\u00d6M\u00dcR Y\u00dcK\u00dc<\/p>\n","protected":false},"author":1,"featured_media":0,"parent":0,"menu_order":0,"comment_status":"closed","ping_status":"closed","template":"","meta":{"footnotes":""},"class_list":["post-3180","page","type-page","status-publish","hentry"],"_links":{"self":[{"href":"https:\/\/shirinxanim-shadiman.net\/yenilikler\/index.php?rest_route=\/wp\/v2\/pages\/3180","targetHints":{"allow":["GET"]}}],"collection":[{"href":"https:\/\/shirinxanim-shadiman.net\/yenilikler\/index.php?rest_route=\/wp\/v2\/pages"}],"about":[{"href":"https:\/\/shirinxanim-shadiman.net\/yenilikler\/index.php?rest_route=\/wp\/v2\/types\/page"}],"author":[{"embeddable":true,"href":"https:\/\/shirinxanim-shadiman.net\/yenilikler\/index.php?rest_route=\/wp\/v2\/users\/1"}],"replies":[{"embeddable":true,"href":"https:\/\/shirinxanim-shadiman.net\/yenilikler\/index.php?rest_route=%2Fwp%2Fv2%2Fcomments&post=3180"}],"version-history":[{"count":3,"href":"https:\/\/shirinxanim-shadiman.net\/yenilikler\/index.php?rest_route=\/wp\/v2\/pages\/3180\/revisions"}],"predecessor-version":[{"id":3190,"href":"https:\/\/shirinxanim-shadiman.net\/yenilikler\/index.php?rest_route=\/wp\/v2\/pages\/3180\/revisions\/3190"}],"wp:attachment":[{"href":"https:\/\/shirinxanim-shadiman.net\/yenilikler\/index.php?rest_route=%2Fwp%2Fv2%2Fmedia&parent=3180"}],"curies":[{"name":"wp","href":"https:\/\/api.w.org\/{rel}","templated":true}]}}