







{"id":311,"date":"2021-09-27T07:37:31","date_gmt":"2021-09-27T07:37:31","guid":{"rendered":"http:\/\/shirinxanim-shadiman.net\/?page_id=311"},"modified":"2022-02-26T07:31:18","modified_gmt":"2022-02-26T07:31:18","slug":"s%c9%99hidl%c9%99rin-anim-gunu","status":"publish","type":"page","link":"https:\/\/shirinxanim-shadiman.net\/?page_id=311","title":{"rendered":"\u015e\u018fH\u0130DL\u018fR\u0130N ANIM G\u00dcN\u00dc"},"content":{"rendered":"<div dir=\"auto\">\n<div class=\"kvgmc6g5 cxmmr5t8 oygrvhab hcukyx3x c1et5uql ii04i59q\">\n<div dir=\"auto\">D\u00dcNYANIN KOR OLDU\u011eU G\u00dcN \u2013 XOCALI SOYQIRIMI!<\/div>\n<\/div>\n<div class=\"cxmmr5t8 oygrvhab hcukyx3x c1et5uql o9v6fnle ii04i59q\">\n<div dir=\"auto\">Bu il Xocal\u0131 soyq\u0131r\u0131m\u0131 faci\u0259sinin 29-cu ild\u00f6n\u00fcm\u00fcd\u00fcr. Qisas al\u0131nd\u0131. G\u00fcnahs\u0131z insanlar\u0131n qan\u0131 t\u00f6k\u00fclm\u00fc\u015fd\u00fc, yerd\u0259 qalmad\u0131. T\u0259k-t\u0259k al\u0131nd\u0131 o intiqam&#8230; 1992-ci il fevral\u0131n 26-da Erm\u0259nistan h\u0259rbi birl\u0259\u015fm\u0259l\u0259ri 7 min \u0259halisi olan Xocal\u0131 \u015f\u0259h\u0259rind\u0259 soyq\u0131r\u0131m akt\u0131 h\u0259yata ke\u00e7irdi.<\/div>\n<\/div>\n<div class=\"cxmmr5t8 oygrvhab hcukyx3x c1et5uql o9v6fnle ii04i59q\">\n<div dir=\"auto\">Xocal\u0131 soyq\u0131r\u0131m\u0131 zaman\u0131 613 n\u0259f\u0259r \u00f6ld\u00fcr\u00fcld\u00fc, 1000 n\u0259f\u0259r m\u00fcxt\u0259lif ya\u015fl\u0131 dinc sakin ald\u0131\u011f\u0131 g\u00fcll\u0259 yaras\u0131ndan \u0259lil oldu. 106 n\u0259f\u0259r qad\u0131n, 63 azya\u015fl\u0131 u\u015faq, 70 qoca q\u0259tl\u0259 yetirildi. 8 ail\u0259 tamamil\u0259 m\u0259hv edildi, 25 u\u015faq h\u0259r iki valideynini, 130 u\u015faq is\u0259 valideynl\u0259rind\u0259n birini itirdi.<\/div>\n<\/div>\n<div class=\"cxmmr5t8 oygrvhab hcukyx3x c1et5uql o9v6fnle ii04i59q\">\n<div dir=\"auto\">Faci\u0259 ba\u015f ver\u0259n gec\u0259 1275 n\u0259f\u0259r dinc sakin \u0259sir g\u00f6t\u00fcr\u00fcld\u00fc, onlardan 150 n\u0259f\u0259rin taleyi indi d\u0259 m\u0259lum deyil. Erm\u0259ni v\u0259h\u015filiyi, vandalizmi \u00f6m\u00fcr boyu g\u00f6z qaba\u011f\u0131nda olub. Onlar\u0131n g\u00fcc\u00fc sad\u0259c\u0259 dinc \u0259haliy\u0259 \u00e7at\u0131r.<\/div>\n<\/div>\n<div class=\"cxmmr5t8 oygrvhab hcukyx3x c1et5uql o9v6fnle ii04i59q\">\n<div dir=\"auto\">Allah b\u00fct\u00fcn \u015f\u0259hidl\u0259rimiz\u0259 r\u0259hm\u0259t el\u0259sin! T\u00f6k\u00fcl\u0259n h\u0259r damla qan\u0131n intiqam\u0131 al\u0131nd\u0131. QARABA\u011e AZ\u018fRBAYCANDIR!<\/div>\n<\/div>\n<\/div>\n<div dir=\"auto\"><img loading=\"lazy\" decoding=\"async\" class=\"alignnone size-medium wp-image-367\" src=\"https:\/\/shirinxanim-shadiman.net\/wp-content\/uploads\/2022\/02\/unnamed-3-300x156.jpg\" alt=\"\" width=\"300\" height=\"156\" srcset=\"https:\/\/shirinxanim-shadiman.net\/wp-content\/uploads\/2022\/02\/unnamed-3-300x156.jpg 300w, https:\/\/shirinxanim-shadiman.net\/wp-content\/uploads\/2022\/02\/unnamed-3-480x249.jpg 480w, https:\/\/shirinxanim-shadiman.net\/wp-content\/uploads\/2022\/02\/unnamed-3.jpg 512w\" sizes=\"auto, (max-width: 300px) 100vw, 300px\" \/><img loading=\"lazy\" decoding=\"async\" class=\"alignnone size-medium wp-image-368\" src=\"https:\/\/shirinxanim-shadiman.net\/wp-content\/uploads\/2022\/02\/xocali-300x199.jpg\" alt=\"\" width=\"300\" height=\"199\" srcset=\"https:\/\/shirinxanim-shadiman.net\/wp-content\/uploads\/2022\/02\/xocali-300x199.jpg 300w, https:\/\/shirinxanim-shadiman.net\/wp-content\/uploads\/2022\/02\/xocali-716x475.jpg 716w, https:\/\/shirinxanim-shadiman.net\/wp-content\/uploads\/2022\/02\/xocali-480x319.jpg 480w, https:\/\/shirinxanim-shadiman.net\/wp-content\/uploads\/2022\/02\/xocali.jpg 750w\" sizes=\"auto, (max-width: 300px) 100vw, 300px\" \/><img loading=\"lazy\" decoding=\"async\" class=\"alignnone size-medium wp-image-312\" src=\"https:\/\/shirinxanim-shadiman.net\/wp-content\/uploads\/2021\/09\/417ea35d-f5a0-381f-a4b6-44214bb8366e_850-300x187.jpg\" alt=\"\" width=\"300\" height=\"187\" srcset=\"https:\/\/shirinxanim-shadiman.net\/wp-content\/uploads\/2021\/09\/417ea35d-f5a0-381f-a4b6-44214bb8366e_850-300x187.jpg 300w, https:\/\/shirinxanim-shadiman.net\/wp-content\/uploads\/2021\/09\/417ea35d-f5a0-381f-a4b6-44214bb8366e_850-768x479.jpg 768w, https:\/\/shirinxanim-shadiman.net\/wp-content\/uploads\/2021\/09\/417ea35d-f5a0-381f-a4b6-44214bb8366e_850-716x446.jpg 716w, https:\/\/shirinxanim-shadiman.net\/wp-content\/uploads\/2021\/09\/417ea35d-f5a0-381f-a4b6-44214bb8366e_850-480x299.jpg 480w, https:\/\/shirinxanim-shadiman.net\/wp-content\/uploads\/2021\/09\/417ea35d-f5a0-381f-a4b6-44214bb8366e_850.jpg 850w\" sizes=\"auto, (max-width: 300px) 100vw, 300px\" \/><img loading=\"lazy\" decoding=\"async\" class=\"alignnone wp-image-321\" src=\"https:\/\/shirinxanim-shadiman.net\/wp-content\/uploads\/2021\/10\/Anim_yurusu_Prezident_I.\u018floiev_v\u0259_vitse-prezident_M.\u018fliyeva-300x201.jpg\" alt=\"\" width=\"300\" height=\"201\" srcset=\"https:\/\/shirinxanim-shadiman.net\/wp-content\/uploads\/2021\/10\/Anim_yurusu_Prezident_I.\u018floiev_v\u0259_vitse-prezident_M.\u018fliyeva-300x201.jpg 300w, https:\/\/shirinxanim-shadiman.net\/wp-content\/uploads\/2021\/10\/Anim_yurusu_Prezident_I.\u018floiev_v\u0259_vitse-prezident_M.\u018fliyeva-768x515.jpg 768w, https:\/\/shirinxanim-shadiman.net\/wp-content\/uploads\/2021\/10\/Anim_yurusu_Prezident_I.\u018floiev_v\u0259_vitse-prezident_M.\u018fliyeva-716x480.jpg 716w, https:\/\/shirinxanim-shadiman.net\/wp-content\/uploads\/2021\/10\/Anim_yurusu_Prezident_I.\u018floiev_v\u0259_vitse-prezident_M.\u018fliyeva-480x322.jpg 480w, https:\/\/shirinxanim-shadiman.net\/wp-content\/uploads\/2021\/10\/Anim_yurusu_Prezident_I.\u018floiev_v\u0259_vitse-prezident_M.\u018fliyeva.jpg 1024w\" sizes=\"auto, (max-width: 300px) 100vw, 300px\" \/><\/div>\n<div dir=\"auto\"><\/div>\n<div dir=\"auto\"><\/div>\n<div dir=\"auto\"><\/div>\n<div dir=\"auto\"><strong>An\u0131m G\u00fcn\u00fc<\/strong>\u00a0\u2014\u00a0<a href=\"https:\/\/az.wikipedia.org\/wiki\/Az%C9%99rbaycan_Respublikas%C4%B1\">Az\u0259rbaycan Respublikas\u0131nda<\/a>\u00a02020-ci il sentyabr\u0131n 27-d\u0259n noyabr\u0131n 10-a q\u0259d\u0259r davam ed\u0259n \u0130kinci Qaraba\u011f m\u00fcharib\u0259sind\u0259 h\u0259yat\u0131n\u0131 itir\u0259n \u015f\u0259hidl\u0259rin xatir\u0259sinin an\u0131lmas\u0131. An\u0131m G\u00fcn\u00fc m\u00fcharib\u0259nin ba\u015fland\u0131\u011f\u0131 g\u00fcn sentyabr\u0131n 27-d\u0259 ke\u00e7irilir.\u00a0<a href=\"https:\/\/az.wikipedia.org\/wiki\/Az%C9%99rbaycan_Prezidenti\">Prezident<\/a>\u00a0<a href=\"https:\/\/az.wikipedia.org\/wiki\/%C4%B0lham_%C6%8Fliyev\">\u0130lham \u018fliyevin<\/a> 2020-ci il dekabr\u0131n 2-d\u0259 imzalad\u0131\u011f\u0131 &#8220;Az\u0259rbaycan Respublikas\u0131nda An\u0131m G\u00fcn\u00fcn\u00fcn t\u0259sis edilm\u0259si haqq\u0131nda&#8221; s\u0259r\u0259ncama \u0259sas\u0259n qeyd edilir. V\u0259t\u0259n m\u00fcharib\u0259sind\u0259 \u015e\u0259hid olanlar\u0131n xatir\u0259sin\u0259 h\u0259sr edilmi\u015f x\u00fcsusi an\u0131m g\u00fcn\u00fcd\u00fcr. \u018fziz \u015e\u018fH\u0130DL\u018fR, m\u0259qam\u0131n\u0131z Haqq\u0131n d\u0259rgah\u0131nda \u0259n uca yerd\u0259dir! Ayaqlar alt\u0131na d\u00fc\u015f\u00fcb tapdalanm\u0131\u015f l\u0259yaq\u0259timizi, m\u0259nliyimizi, \u015f\u0259r\u0259fimizi zirv\u0259l\u0259r\u0259 qald\u0131r\u0131b bizi m\u00fczz\u0259f\u0259r xalq kimi d\u00fcnyaya elan etdiniz! Sizl\u0259ri d\u00fcnyaya g\u0259tir\u0259n, V\u0259t\u0259n\u0259 sevgi hissi a\u015f\u0131layan Ata v\u0259 Analar\u0131n qar\u015f\u0131s\u0131nda ba\u015f \u0259yirik! Sizl\u0259rin \u0259zizi xatir\u0259si bu V\u0259t\u0259n\u0259 can dey\u0259n insanlar\u0131m\u0131z\u0131n q\u0259lbind\u0259 \u0259b\u0259di ya\u015fayacaqd\u0131r! Qazil\u0259rimiz\u0259, V\u0259t\u0259n m\u00fcharib\u0259si i\u015ftirak\u00e7\u0131lar\u0131na, haqq i\u015fimiz u\u011frunda bir olan, birl\u0259\u015f\u0259n az\u0259rbaycanlar\u0131m\u0131za can sa\u011fl\u0131ql\u0131 \u00f6m\u00fcr dil\u0259yirik! Torpaqlar\u0131m\u0131z\u0131n azadl\u0131\u011f\u0131 u\u011frunda sava\u015f\u0131n ilk g\u00fcnl\u0259rind\u0259n xalq\u0131m\u0131z \u00f6z liderinin \u2013 Prezident, Ali Ba\u015f Komandan \u0130lham \u018fliyevin \u0259traf\u0131nda s\u0131x s\u0259f\u0259rb\u0259r oldu. Allah birliyimizi \u0259b\u0259di etsin! 44 g\u00fcnl\u00fck V\u0259t\u0259n m\u00fcharib\u0259si v\u0259 ya &#8220;D\u0259mir Yumruq&#8221; \u0259m\u0259liyyat\u0131nda Haqq i\u015fimizin yan\u0131nda olan Pakistan\u0131, \u0130sraili, dig\u0259r \u00f6lk\u0259l\u0259ri, T\u00fcrkiy\u0259mizi v\u0259 Say\u0131n R\u0259c\u0259b Tayib \u018frdo\u011fan\u0131 Allah qorusun! \u015e\u0259hidl\u0259r \u00f6lm\u0259z, V\u0259t\u0259n b\u00f6l\u00fcnm\u0259z!!!<\/div>\n<div dir=\"auto\">\n<p>&nbsp;<\/p>\n<\/div>\n","protected":false},"excerpt":{"rendered":"<p>D\u00dcNYANIN KOR OLDU\u011eU G\u00dcN \u2013 XOCALI SOYQIRIMI! Bu il Xocal\u0131 soyq\u0131r\u0131m\u0131 faci\u0259sinin 29-cu ild\u00f6n\u00fcm\u00fcd\u00fcr. Qisas al\u0131nd\u0131. G\u00fcnahs\u0131z insanlar\u0131n qan\u0131 t\u00f6k\u00fclm\u00fc\u015fd\u00fc,&#8230;<\/p>\n","protected":false},"author":1,"featured_media":0,"parent":0,"menu_order":0,"comment_status":"closed","ping_status":"closed","template":"","meta":{"footnotes":""},"class_list":["post-311","page","type-page","status-publish","hentry"],"_links":{"self":[{"href":"https:\/\/shirinxanim-shadiman.net\/index.php?rest_route=\/wp\/v2\/pages\/311","targetHints":{"allow":["GET"]}}],"collection":[{"href":"https:\/\/shirinxanim-shadiman.net\/index.php?rest_route=\/wp\/v2\/pages"}],"about":[{"href":"https:\/\/shirinxanim-shadiman.net\/index.php?rest_route=\/wp\/v2\/types\/page"}],"author":[{"embeddable":true,"href":"https:\/\/shirinxanim-shadiman.net\/index.php?rest_route=\/wp\/v2\/users\/1"}],"replies":[{"embeddable":true,"href":"https:\/\/shirinxanim-shadiman.net\/index.php?rest_route=%2Fwp%2Fv2%2Fcomments&post=311"}],"version-history":[{"count":11,"href":"https:\/\/shirinxanim-shadiman.net\/index.php?rest_route=\/wp\/v2\/pages\/311\/revisions"}],"predecessor-version":[{"id":370,"href":"https:\/\/shirinxanim-shadiman.net\/index.php?rest_route=\/wp\/v2\/pages\/311\/revisions\/370"}],"wp:attachment":[{"href":"https:\/\/shirinxanim-shadiman.net\/index.php?rest_route=%2Fwp%2Fv2%2Fmedia&parent=311"}],"curies":[{"name":"wp","href":"https:\/\/api.w.org\/{rel}","templated":true}]}}